{"id":10,"date":"2018-06-06T11:13:37","date_gmt":"2018-06-06T11:13:37","guid":{"rendered":"https:\/\/eimelektro.de\/?page_id=10"},"modified":"2018-11-23T12:07:53","modified_gmt":"2018-11-23T12:07:53","slug":"home","status":"publish","type":"page","link":"https:\/\/eimelektro.de\/","title":{"rendered":"Home"},"content":{"rendered":"[vc_row type=&#8220;full_width_content&#8220; full_screen_row_position=&#8220;middle&#8220; scene_position=&#8220;center&#8220; text_color=&#8220;dark&#8220; text_align=&#8220;left&#8220; overlay_strength=&#8220;0.3&#8243; shape_divider_position=&#8220;bottom&#8220; shape_type=&#8220;&#8220;][vc_column column_padding=&#8220;no-extra-padding&#8220; column_padding_position=&#8220;all&#8220; background_color_opacity=&#8220;1&#8243; background_hover_color_opacity=&#8220;1&#8243; column_shadow=&#8220;none&#8220; column_border_radius=&#8220;none&#8220; width=&#8220;1\/1&#8243; tablet_text_alignment=&#8220;default&#8220; phone_text_alignment=&#8220;default&#8220; column_border_width=&#8220;none&#8220; column_border_style=&#8220;solid&#8220;]<div  data-transition=\"fade\" data-overall_style=\"classic\" data-flexible-height=\"\" data-animate-in-effect=\"none\" data-fullscreen=\"false\" data-button-sizing=\"regular\" data-button-styling=\"btn_with_count\" data-autorotate=\"\" data-parallax=\"false\" data-parallax-disable-mobile=\"\" data-caption-trans=\"fade_in_from_bottom\" data-parallax-style=\"bg_only\" data-bg-animation=\"none\" data-full-width=\"false\" class=\"nectar-slider-wrap \" id=\"nectar-slider-instance-1\"><div class=\"swiper-container\"  data-tho=\"auto\" data-tco=\"auto\" data-pho=\"auto\" data-pco=\"auto\" data-loop=\"false\" data-height=\"650\" data-min-height=\"\" data-arrows=\"false\" data-bullets=\"true\" data-bullet_style=\"see_through\" data-bullet_position=\"bottom\" data-desktop-swipe=\"true\" data-settings=\"\"> <div class=\"swiper-wrapper\"><div class=\"swiper-slide\" data-desktop-content-width=\"\" data-tablet-content-width=\"\" data-bg-alignment=\"center\" data-color-scheme=\"light\" data-x-pos=\"left\" data-y-pos=\"middle\" ><div class=\"slide-bg-wrap\"><div class=\"image-bg\" style=\"background-image: url(https:\/\/eimelektro.de\/wp-content\/uploads\/2018\/07\/test8.png);\"> &nbsp; <\/div><\/div><div class=\"container\">\n\t\t\t\t\t\t<div class=\"content\"><h2 class=\"ns-heading-el\">EIM Elektro <br> Elektroinstallation<\/h2><\/div>\n\t\t\t\t\t\t\t\t<\/div><!--\/container--><div class=\"video-texture \"> <span class=\"ie-fix\"><\/span> <\/div><\/div> <!--\/swiper-slide--><div class=\"swiper-slide\" data-desktop-content-width=\"\" data-tablet-content-width=\"\" data-bg-alignment=\"center\" data-color-scheme=\"light\" data-x-pos=\"left\" data-y-pos=\"middle\" ><div class=\"slide-bg-wrap\"><div class=\"image-bg\" style=\"background-image: url(https:\/\/eimelektro.de\/wp-content\/uploads\/2018\/07\/installation-of-air-duct-outside-the-building-P5SZRQE_colorkey.jpg);\"> &nbsp; <\/div><\/div><div class=\"container\">\n\t\t\t\t\t\t<div class=\"content\"><h2 class=\"ns-heading-el\">EIM Elektro <br> K\u00e4lte- \/ Klimatechnik<\/h2><\/div>\n\t\t\t\t\t\t\t\t<\/div><!--\/container--><div class=\"video-texture \"> <span class=\"ie-fix\"><\/span> <\/div><\/div> <!--\/swiper-slide--><div class=\"swiper-slide\" data-desktop-content-width=\"\" data-tablet-content-width=\"\" data-bg-alignment=\"center\" data-color-scheme=\"light\" data-x-pos=\"left\" data-y-pos=\"middle\" ><div class=\"slide-bg-wrap\"><div class=\"image-bg\" style=\"background-image: url(https:\/\/eimelektro.de\/wp-content\/uploads\/2018\/07\/red-telephone-receiver-PJDF3A4_colorkey.jpg);\"> &nbsp; <\/div><\/div><div class=\"container\">\n\t\t\t\t\t\t<div class=\"content\"><h2 class=\"ns-heading-el\">EIM Elektro <br> Notdienst<\/h2><\/div>\n\t\t\t\t\t\t\t\t<\/div><!--\/container--><div class=\"video-texture \"> <span class=\"ie-fix\"><\/span> <\/div><\/div> <!--\/swiper-slide--><\/div><div class=\"container normal-container slider-pagination-wrap\"><div class=\"slider-pagination\"><\/div><\/div><div class=\"nectar-slider-loading \"> <span class=\"loading-icon none\">   <\/span> <\/div> <\/div> \n\t\t\t\t\t\n\t\t\t\t\t<\/div>[\/vc_column][\/vc_row][vc_row type=&#8220;full_width_background&#8220; full_screen_row_position=&#8220;middle&#8220; equal_height=&#8220;yes&#8220; content_placement=&#8220;top&#8220; scene_position=&#8220;center&#8220; text_color=&#8220;dark&#8220; text_align=&#8220;left&#8220; top_padding=&#8220;50&#8243; bottom_padding=&#8220;30&#8243; overlay_strength=&#8220;0.5&#8243; shape_divider_position=&#8220;bottom&#8220; shape_type=&#8220;&#8220;][vc_column enable_animation=&#8220;true&#8220; animation=&#8220;fade-in-from-bottom&#8220; column_padding=&#8220;padding-2-percent&#8220; column_padding_position=&#8220;right&#8220; background_color_opacity=&#8220;1&#8243; background_hover_color_opacity=&#8220;1&#8243; font_color=&#8220;#dddddd&#8220; column_shadow=&#8220;none&#8220; column_border_radius=&#8220;none&#8220; width=&#8220;2\/3&#8243; tablet_text_alignment=&#8220;default&#8220; phone_text_alignment=&#8220;default&#8220; column_border_width=&#8220;none&#8220; column_border_style=&#8220;solid&#8220;][vc_column_text css_animation=&#8220;none&#8220; css=&#8220;.vc_custom_1531290584204{margin-bottom: 15px !important;}&#8220;]\n<h2 style=\"color: #fff;\">EIM Elektro \u2013 Kundendienst seit 1971<\/h2>\n[\/vc_column_text][divider line_type=&#8220;No Line&#8220; custom_height=&#8220;20&#8243;][vc_column_text]Die Firma G\u00dcNTER EIM GmbH ist seit 1971 auf dem Gebiet der Elektrotechnik t\u00e4tig. Im Jahre 1984 kam die K\u00e4lte- und Klimatechnik hinzu. In unserem Unternehmen sind st\u00e4ndig ca. 30 Mitarbeiter besch\u00e4ftigt. Unsere Mitarbeiter nehmen regelm\u00e4\u00dfig an Schulungs- und Weiterbildungsma\u00dfnahmen teil, um sicherzustellen,\u00a0 auch in Zukunft f\u00fcr unseren Kunden ein kompetenter Partner zu sein. Mit unseren qualifizierten und motivierten Mitarbeitern decken wir alle Bereiche\u00a0der Elektroinstallation sowie der K\u00e4lte- und Klimatechnik ab.<\/p>\n<p>Mit Fachkompetenz und ausf\u00fchrlicher Beratung sind wir in der Lage, die W\u00fcnsche unserer Kunden umzusetzen. Auch kurzfristige Termine werden problemlos realisiert.[\/vc_column_text][divider line_type=&#8220;Small Line&#8220; line_thickness=&#8220;5&#8243; divider_color=&#8220;extra-color-gradient-1&#8243; animate=&#8220;yes&#8220; custom_line_width=&#8220;70&#8243; custom_height=&#8220;60&#8243;][vc_column_text]Kompetente Beratung, Planung und Ausf\u00fchrung<br \/>\nf\u00fcr komfortables, sicheres<br \/>\nund wirtschaftliches Wohnen.[\/vc_column_text][divider line_type=&#8220;No Line&#8220; custom_height=&#8220;50&#8243;][\/vc_column][vc_column enable_animation=&#8220;true&#8220; animation=&#8220;fade-in-from-bottom&#8220; column_padding=&#8220;no-extra-padding&#8220; column_padding_position=&#8220;all&#8220; background_color_opacity=&#8220;1&#8243; background_hover_color_opacity=&#8220;1&#8243; column_shadow=&#8220;none&#8220; column_border_radius=&#8220;none&#8220; width=&#8220;1\/3&#8243; tablet_text_alignment=&#8220;default&#8220; phone_text_alignment=&#8220;default&#8220; column_border_width=&#8220;none&#8220; column_border_style=&#8220;solid&#8220;][fancy_box box_style=&#8220;default&#8220; icon_family=&#8220;none&#8220; color=&#8220;extra-color-gradient-1&#8243; min_height=&#8220;120&#8243;]<strong>G\u00dcNTER EIM GmbH<\/strong><br \/>\nK\u00e4lte \u2013 W\u00e4rme \u2013 Elektroanlagen<br \/>\nHelgol\u00e4nder Str. 28-32<br \/>\n24768 Rendsburg<\/p>\n<p>Tel. +49 4331 4506\u20136<br \/>\nFax +49 4331 4506\u201370<\/p>\n<p><strong>B\u00fcrozeiten<\/strong><br \/>\nMontag bis Donnerstag:<br \/>\n7.15 bis 17.15 Uhr<\/p>\n<p>Freitag:<br \/>\n7.15 bis 15.00 Uhr[\/fancy_box][\/vc_column][\/vc_row][vc_row type=&#8220;in_container&#8220; full_screen_row_position=&#8220;middle&#8220; scene_position=&#8220;center&#8220; text_color=&#8220;dark&#8220; text_align=&#8220;left&#8220; overlay_strength=&#8220;0.3&#8243; shape_divider_position=&#8220;bottom&#8220;][vc_column column_padding=&#8220;no-extra-padding&#8220; column_padding_position=&#8220;all&#8220; background_color_opacity=&#8220;1&#8243; background_hover_color_opacity=&#8220;1&#8243; column_shadow=&#8220;none&#8220; column_border_radius=&#8220;none&#8220; width=&#8220;1\/1&#8243; tablet_text_alignment=&#8220;default&#8220; phone_text_alignment=&#8220;default&#8220; column_border_width=&#8220;none&#8220; column_border_style=&#8220;solid&#8220;][vc_row_inner column_margin=&#8220;default&#8220; bottom_padding=&#8220;30&#8243; text_align=&#8220;left&#8220;][vc_column_inner column_padding=&#8220;no-extra-padding&#8220; column_padding_position=&#8220;all&#8220; background_color_opacity=&#8220;1&#8243; background_hover_color_opacity=&#8220;1&#8243; column_shadow=&#8220;none&#8220; column_border_radius=&#8220;none&#8220; width=&#8220;1\/3&#8243; column_border_width=&#8220;none&#8220; column_border_style=&#8220;solid&#8220; column_link=&#8220;https:\/\/eimelektro.de\/index.php\/wir-stellen-ein\/&#8220;][fancy_box box_style=&#8220;default&#8220; icon_family=&#8220;fontawesome&#8220; color=&#8220;extra-color-gradient-1&#8243; min_height=&#8220;50&#8243; icon_fontawesome=&#8220;fa fa-search&#8220; link_url=&#8220;https:\/\/eimelektro.de\/index.php\/wir-stellen-ein\/&#8220;]\n<h3>Stellenangebote<\/h3>\n[\/fancy_box][\/vc_column_inner][vc_column_inner column_padding=&#8220;no-extra-padding&#8220; column_padding_position=&#8220;all&#8220; background_color_opacity=&#8220;1&#8243; background_hover_color_opacity=&#8220;1&#8243; column_shadow=&#8220;none&#8220; column_border_radius=&#8220;none&#8220; width=&#8220;1\/3&#8243; column_border_width=&#8220;none&#8220; column_border_style=&#8220;solid&#8220; column_link=&#8220;https:\/\/eimelektro.de\/index.php\/leistungen\/&#8220;][fancy_box box_style=&#8220;default&#8220; icon_family=&#8220;fontawesome&#8220; color=&#8220;extra-color-gradient-1&#8243; min_height=&#8220;50&#8243; icon_fontawesome=&#8220;fa fa-wrench&#8220; link_url=&#8220;https:\/\/eimelektro.de\/index.php\/leistungen\/&#8220;]\n<h3>Leistungen<\/h3>\n[\/fancy_box][\/vc_column_inner][vc_column_inner column_padding=&#8220;no-extra-padding&#8220; column_padding_position=&#8220;all&#8220; background_color_opacity=&#8220;1&#8243; background_hover_color_opacity=&#8220;1&#8243; column_shadow=&#8220;none&#8220; column_border_radius=&#8220;none&#8220; width=&#8220;1\/3&#8243; column_border_width=&#8220;none&#8220; column_border_style=&#8220;solid&#8220; column_link=&#8220;https:\/\/eimelektro.de\/index.php\/kontakt\/&#8220;][fancy_box box_style=&#8220;default&#8220; icon_family=&#8220;fontawesome&#8220; link_new_tab=&#8220;true&#8220; color=&#8220;extra-color-gradient-1&#8243; min_height=&#8220;50&#8243; icon_fontawesome=&#8220;fa fa-phone&#8220; link_url=&#8220;https:\/\/eimelektro.de\/index.php\/kontakt\/&#8220;]\n<h3>24\/7 Notdienst<\/h3>\n[\/fancy_box][\/vc_column_inner][\/vc_row_inner][\/vc_column][\/vc_row][vc_row type=&#8220;full_width_background&#8220; full_screen_row_position=&#8220;middle&#8220; equal_height=&#8220;yes&#8220; content_placement=&#8220;top&#8220; mouse_based_parallax_bg=&#8220;true&#8220; scene_position=&#8220;center&#8220; mouse_sensitivity=&#8220;10&#8243; layer_one_image=&#8220;139&#8243; layer_two_image=&#8220;125&#8243; layer_two_strength=&#8220;0.4&#8243; layer_three_strength=&#8220;0.1&#8243; text_color=&#8220;dark&#8220; text_align=&#8220;left&#8220; top_padding=&#8220;10%&#8220; bottom_padding=&#8220;10%&#8220; disable_element=&#8220;yes&#8220; overlay_strength=&#8220;0.95&#8243; shape_divider_position=&#8220;bottom&#8220; shape_type=&#8220;&#8220;][vc_column enable_animation=&#8220;true&#8220; animation=&#8220;fade-in-from-bottom&#8220; column_padding=&#8220;no-extra-padding&#8220; column_padding_position=&#8220;all&#8220; background_color_opacity=&#8220;1&#8243; background_hover_color_opacity=&#8220;1&#8243; column_shadow=&#8220;none&#8220; column_border_radius=&#8220;none&#8220; width=&#8220;1\/2&#8243; tablet_text_alignment=&#8220;default&#8220; phone_text_alignment=&#8220;default&#8220; column_border_width=&#8220;none&#8220; column_border_style=&#8220;solid&#8220;][vc_custom_heading text=&#8220;ELEKTRO EIM<br \/>\nK\u00c4LTE \u2013 W\u00c4RME<br \/>\nELEKTROANLAGEN&#8220; font_container=&#8220;tag:h1|font_size:60px|text_align:left|color:%23ffffff|line_height:72px&#8220; google_fonts=&#8220;font_family:Open%20Sans%3A300%2C300italic%2Cregular%2Citalic%2C600%2C600italic%2C700%2C700italic%2C800%2C800italic|font_style:700%20bold%20regular%3A700%3Anormal&#8220; css_animation=&#8220;none&#8220; css=&#8220;.vc_custom_1530698662494{background-position: center !important;background-repeat: no-repeat !important;background-size: contain !important;}&#8220;][divider line_type=&#8220;Small Line&#8220; line_thickness=&#8220;10&#8243; divider_color=&#8220;extra-color-3&#8243; animate=&#8220;yes&#8220; custom_line_width=&#8220;160&#8243; custom_height=&#8220;60&#8243;][\/vc_column][vc_column column_padding=&#8220;no-extra-padding&#8220; column_padding_position=&#8220;all&#8220; background_color_opacity=&#8220;1&#8243; background_hover_color_opacity=&#8220;1&#8243; column_shadow=&#8220;none&#8220; column_border_radius=&#8220;none&#8220; width=&#8220;1\/2&#8243; tablet_text_alignment=&#8220;default&#8220; phone_text_alignment=&#8220;default&#8220; column_border_width=&#8220;none&#8220; column_border_style=&#8220;solid&#8220;][\/vc_column][\/vc_row][vc_row type=&#8220;full_width_background&#8220; full_screen_row_position=&#8220;middle&#8220; equal_height=&#8220;yes&#8220; content_placement=&#8220;middle&#8220; mouse_based_parallax_bg=&#8220;true&#8220; scene_position=&#8220;center&#8220; mouse_sensitivity=&#8220;10&#8243; layer_one_image=&#8220;139&#8243; layer_two_image=&#8220;125&#8243; layer_two_strength=&#8220;0.4&#8243; layer_three_strength=&#8220;0.1&#8243; text_color=&#8220;dark&#8220; text_align=&#8220;left&#8220; top_padding=&#8220;10%&#8220; bottom_padding=&#8220;10%&#8220; disable_element=&#8220;yes&#8220; overlay_strength=&#8220;0.95&#8243; shape_divider_position=&#8220;bottom&#8220; shape_type=&#8220;&#8220;][vc_column enable_animation=&#8220;true&#8220; animation=&#8220;fade-in-from-bottom&#8220; column_padding=&#8220;padding-7-percent&#8220; column_padding_position=&#8220;right&#8220; background_color_opacity=&#8220;1&#8243; background_hover_color_opacity=&#8220;1&#8243; column_shadow=&#8220;none&#8220; column_border_radius=&#8220;none&#8220; width=&#8220;1\/2&#8243; tablet_text_alignment=&#8220;default&#8220; phone_text_alignment=&#8220;default&#8220; column_border_width=&#8220;none&#8220; column_border_style=&#8220;solid&#8220;][vc_column_text]\n<h1 style=\"color: #fff;\">EIM Elektro<br \/>\nK\u00e4lte \u2013 W\u00e4rme<br \/>\nElektroanlagen<\/h1>\n[\/vc_column_text][divider line_type=&#8220;No Line&#8220; custom_height=&#8220;30&#8243;][divider line_type=&#8220;Small Line&#8220; line_thickness=&#8220;10&#8243; divider_color=&#8220;extra-color-gradient-1&#8243; animate=&#8220;yes&#8220; custom_line_width=&#8220;160&#8243;][\/vc_column][vc_column column_padding=&#8220;no-extra-padding&#8220; column_padding_position=&#8220;all&#8220; background_color_opacity=&#8220;1&#8243; background_hover_color_opacity=&#8220;1&#8243; column_shadow=&#8220;none&#8220; column_border_radius=&#8220;none&#8220; width=&#8220;1\/2&#8243; tablet_text_alignment=&#8220;default&#8220; phone_text_alignment=&#8220;default&#8220; column_border_width=&#8220;none&#8220; column_border_style=&#8220;solid&#8220; offset=&#8220;vc_hidden-xs&#8220;][\/vc_column][\/vc_row]\n","protected":false},"excerpt":{"rendered":"<p>[vc_row type=&#8220;full_width_content&#8220; full_screen_row_position=&#8220;middle&#8220; scene_position=&#8220;center&#8220; text_color=&#8220;dark&#8220; text_align=&#8220;left&#8220; overlay_strength=&#8220;0.3&#8243; shape_divider_position=&#8220;bottom&#8220; shape_type=&#8220;&#8220;][vc_column column_padding=&#8220;no-extra-padding&#8220; column_padding_position=&#8220;all&#8220; background_color_opacity=&#8220;1&#8243; background_hover_color_opacity=&#8220;1&#8243; column_shadow=&#8220;none&#8220; column_border_radius=&#8220;none&#8220; width=&#8220;1\/1&#8243; tablet_text_alignment=&#8220;default&#8220; phone_text_alignment=&#8220;default&#8220; column_border_width=&#8220;none&#8220; column_border_style=&#8220;solid&#8220;][\/vc_column][\/vc_row][vc_row type=&#8220;full_width_background&#8220; full_screen_row_position=&#8220;middle&#8220; equal_height=&#8220;yes&#8220; content_placement=&#8220;top&#8220; scene_position=&#8220;center&#8220; text_color=&#8220;dark&#8220; text_align=&#8220;left&#8220; top_padding=&#8220;50&#8243; bottom_padding=&#8220;30&#8243; overlay_strength=&#8220;0.5&#8243;&#8230;<\/p>\n","protected":false},"author":1,"featured_media":0,"parent":0,"menu_order":0,"comment_status":"closed","ping_status":"closed","template":"","meta":{"footnotes":""},"class_list":["post-10","page","type-page","status-publish"],"_links":{"self":[{"href":"https:\/\/eimelektro.de\/index.php\/wp-json\/wp\/v2\/pages\/10","targetHints":{"allow":["GET"]}}],"collection":[{"href":"https:\/\/eimelektro.de\/index.php\/wp-json\/wp\/v2\/pages"}],"about":[{"href":"https:\/\/eimelektro.de\/index.php\/wp-json\/wp\/v2\/types\/page"}],"author":[{"embeddable":true,"href":"https:\/\/eimelektro.de\/index.php\/wp-json\/wp\/v2\/users\/1"}],"replies":[{"embeddable":true,"href":"https:\/\/eimelektro.de\/index.php\/wp-json\/wp\/v2\/comments?post=10"}],"version-history":[{"count":188,"href":"https:\/\/eimelektro.de\/index.php\/wp-json\/wp\/v2\/pages\/10\/revisions"}],"predecessor-version":[{"id":386,"href":"https:\/\/eimelektro.de\/index.php\/wp-json\/wp\/v2\/pages\/10\/revisions\/386"}],"wp:attachment":[{"href":"https:\/\/eimelektro.de\/index.php\/wp-json\/wp\/v2\/media?parent=10"}],"curies":[{"name":"wp","href":"https:\/\/api.w.org\/{rel}","templated":true}]}}