{"id":260,"date":"2018-07-10T08:34:51","date_gmt":"2018-07-10T08:34:51","guid":{"rendered":"https:\/\/eimelektro.de\/?page_id=260"},"modified":"2023-04-17T12:20:14","modified_gmt":"2023-04-17T12:20:14","slug":"wir-stellen-ein","status":"publish","type":"page","link":"https:\/\/eimelektro.de\/index.php\/wir-stellen-ein\/","title":{"rendered":"Wir stellen ein"},"content":{"rendered":"[vc_row type=&#8220;full_width_background&#8220; full_screen_row_position=&#8220;middle&#8220; equal_height=&#8220;yes&#8220; content_placement=&#8220;top&#8220; scene_position=&#8220;center&#8220; text_color=&#8220;dark&#8220; text_align=&#8220;left&#8220; top_padding=&#8220;50&#8243; bottom_padding=&#8220;30&#8243; overlay_strength=&#8220;0.5&#8243; shape_divider_position=&#8220;bottom&#8220; shape_type=&#8220;&#8220;][vc_column enable_animation=&#8220;true&#8220; animation=&#8220;fade-in-from-bottom&#8220; column_padding=&#8220;padding-1-percent&#8220; column_padding_position=&#8220;right&#8220; background_color_opacity=&#8220;1&#8243; background_hover_color_opacity=&#8220;1&#8243; font_color=&#8220;#dddddd&#8220; column_shadow=&#8220;none&#8220; column_border_radius=&#8220;none&#8220; width=&#8220;1\/1&#8243; tablet_text_alignment=&#8220;default&#8220; phone_text_alignment=&#8220;left&#8220; column_border_width=&#8220;none&#8220; column_border_style=&#8220;solid&#8220;][vc_column_text css_animation=&#8220;none&#8220; css=&#8220;.vc_custom_1676458994829{margin-bottom: 15px !important;}&#8220;]\n<h2 style=\"color: #fff;\">Stellen- und Ausbildungsangebote:<\/h2>\n[\/vc_column_text][divider line_type=&#8220;No Line&#8220; custom_height=&#8220;20&#8243;][fancy_box box_style=&#8220;default&#8220; icon_family=&#8220;none&#8220; color=&#8220;extra-color-gradient-1&#8243; min_height=&#8220;120&#8243; css=&#8220;.vc_custom_1676471360591{padding-top: 25px !important;padding-right: 25px !important;padding-bottom: 0px !important;padding-left: 25px !important;}&#8220;]\n<h3 id=\"jd-header-titel\" class=\"ng-binding\" aria-hidden=\"true\" data-ng-bind=\"(jobDetailsController.jobDetails.freieBezeichnung ? jobDetailsController.jobDetails.freieBezeichnung : jobDetailsController.jobDetails.hauptberuf)\"><strong>Elektrotechnikermeister\/in<br \/>\n<\/strong><strong>(m\/w\/d)<\/strong><\/h3>\n<p class=\"ng-binding\" aria-hidden=\"true\" data-ng-bind=\"(jobDetailsController.jobDetails.freieBezeichnung ? jobDetailsController.jobDetails.freieBezeichnung : jobDetailsController.jobDetails.hauptberuf)\">Wir wachsen weiter! Zur Verst\u00e4rkung unseres jungen Teams, suchen wir zur sofortigen, unbefristeten Einstellung in Vollzeit eine\/n Elektrotechnikermeister\/in.<\/p>\n<p><strong>Sie sind zust\u00e4ndig f\u00fcr:<\/strong><br \/>\n\u2022 die komplette Baustellenabwicklung<br \/>\n\u2022\u00a0die Mitarbeitereinteilung<br \/>\n\u2022\u00a0Qualit\u00e4tskontrolle<br \/>\n\u2022\u00a0Angebotserstellung und Planung<br \/>\n\u2022\u00a0Kundenkontakte<\/p>\n<p><strong>Voraussetzungen:<\/strong><br \/>\n\u2022 Meisterbrief im Elektrohandwerk<br \/>\n\u2022\u00a0gern mit Berufserfahrung<\/p>\n<p><strong>Wir bieten:<\/strong><br \/>\n\u2022 Bereitstellung eines eigenen Firmenfahrzeuges<br \/>\n\u2022\u00a0Entwicklungs- und Weiterbildungsm\u00f6glichkeiten<br \/>\n\u2022\u00a0ein familienorientiertes Handeln<\/p>\n<p><strong>Ihre schriftliche Bewerbung richten Sie bitte an:<\/strong><br \/>\nG\u00dcNTER EIM GmbH<br \/>\nK\u00e4lte-W\u00e4rme-Elektroanlagen<br \/>\nz.Hd. Herrn Thomas Eim<br \/>\nHelgol\u00e4nder Str. 28-32<br \/>\n24768 Rendsburg<\/p>\n<p><strong>Gerne nehmen wir Ihre Bewerbung auch per Mail entgegen:<\/strong> <a href=\"mailto:info@eimelektro.de\">info@eimelektro.de<\/a><\/p>\n<p><strong>Rufen Sie uns an, wir beraten Sie gern: <\/strong>Tel. +49 4331 4506\u20136[\/fancy_box][fancy_box box_style=&#8220;default&#8220; icon_family=&#8220;none&#8220; color=&#8220;extra-color-gradient-1&#8243; min_height=&#8220;120&#8243; css=&#8220;.vc_custom_1676471406904{padding-top: 25px !important;padding-right: 25px !important;padding-bottom: 0px !important;padding-left: 25px !important;}&#8220;]\n<h3 id=\"jd-header-titel\" class=\"ng-binding\" aria-hidden=\"true\" data-ng-bind=\"(jobDetailsController.jobDetails.freieBezeichnung ? jobDetailsController.jobDetails.freieBezeichnung : jobDetailsController.jobDetails.hauptberuf)\"><strong>Fachkraft f\u00fcr Brandmeldetechnik und Schwachstromtechnik<br \/>\n(m\/w\/d)<\/strong><\/h3>\n<p>Zur Verst\u00e4rkung unseres jungen Teams, suchen wir zur sofortigen, unbefristeten Einstellung in Vollzeit eine\/n Elektroinstallateur\/in mit Kenntnissen in Brandmeldeanlagen\/-technik und Schwachstrom\/-technik.<\/p>\n<p>Zu Ihren Aufgaben geh\u00f6ren dar\u00fcber hinaus alle berufs\u00fcblichen Arbeiten eines Elektroinstallateurs.<\/p>\n<p>Voraussetzung ist eine abgeschlossene Berufsausbildung. W\u00fcnschenswert w\u00e4ren mindestens zwei bis drei Jahre Berufserfahrung. Wir erwarten Flexibilit\u00e4t in der Arbeitszeit, Kundenfreundlichkeit und weitgehend selbst\u00e4ndige Arbeitsweise. Bewerber\/innen sollten m\u00f6glichst aus Rendsburg oder der n\u00e4heren Umgebung kommen.<\/p>\n<p>Eine Fahrerlaubnis der Klasse B ist zwingend erforderlich.<\/p>\n<p>Wir m\u00f6chten darum bitten, dass sich auf dieses Stellenangebot nur Elektroinstallateure(m\/w) bewerben, die wirklich schon Erfahrungen im Bereich Brandmeldeanlangentechnik und Schwachstromtechnik gesammelt haben. Wir gew\u00e4hren u.a. Weihnachts- und Urlaubsgeld sowie eine Nahausl\u00f6sung.<\/p>\n<p><strong>Ihre schriftliche Bewerbung richten Sie bitte an:<\/strong><br \/>\nG\u00dcNTER EIM GmbH<br \/>\nK\u00e4lte-W\u00e4rme-Elektroanlagen<br \/>\nz.Hd. Herrn Thomas Eim<br \/>\nHelgol\u00e4nder Str. 28-32<br \/>\n24768 Rendsburg<\/p>\n<p><strong>Gerne nehmen wir Ihre Bewerbung auch per Mail entgegen: <\/strong><a href=\"mailto:info@eimelektro.de\">info@eimelektro.de<\/a><\/p>\n<p><strong>Rufen Sie uns an, wir beraten Sie gern: <\/strong>Tel. +49 4331 4506\u20136[\/fancy_box][fancy_box box_style=&#8220;default&#8220; icon_family=&#8220;none&#8220; color=&#8220;extra-color-gradient-1&#8243; min_height=&#8220;120&#8243; css=&#8220;.vc_custom_1676471378897{padding-top: 25px !important;padding-right: 25px !important;padding-bottom: 0px !important;padding-left: 25px !important;}&#8220;]\n<h3 id=\"jd-header-titel\" class=\"ng-binding\" aria-hidden=\"true\" data-ng-bind=\"(jobDetailsController.jobDetails.freieBezeichnung ? jobDetailsController.jobDetails.freieBezeichnung : jobDetailsController.jobDetails.hauptberuf)\"><strong>Elektroinstallateur\/in<br \/>\n<\/strong><strong>(m\/w\/d)<\/strong><\/h3>\n<p>Wir wachsen weiter! Zur Verst\u00e4rkung unseres jungen Teams, suchen wir zur sofortigen, unbefristeten Einstellung in Vollzeit eine\/n Elektroinstallateur\/in.<\/p>\n<p>Zu Ihren Aufgaben geh\u00f6ren alle berufs\u00fcblichen Arbeiten.<\/p>\n<p>Voraussetzung ist eine abgeschlossene Berufsausbildung. W\u00fcnschenswert w\u00e4ren mindestens zwei bis drei Jahre Berufserfahrung, allerdings w\u00fcrden wir auch Berufseinsteigern eine Chance geben. Wir erwarten Flexibilit\u00e4t in der Arbeitszeit, Kundenfreundlichkeit und weitgehend selbst\u00e4ndige Arbeitsweise. Bewerber\/innen sollten m\u00f6glichst aus Rendsburg oder der n\u00e4heren Umgebung kommen.<\/p>\n<p><strong>Wir bieten:<\/strong><br \/>\n\u2022 wertsch\u00e4tzender Umgang<br \/>\n\u2022 Familienbetrieb mit klaren Strukturen<br \/>\n\u2022\u00a0au\u00dferbetriebliche Aktivit\u00e4ten<br \/>\n\u2022\u00a0Weiterbildung wird unterst\u00fctzt<br \/>\n\u2022\u00a0wir gehen offen mit W\u00fcnschen unserer Mitarbeiter um<br \/>\n\u2022\u00a0einen langfristigen Arbeitsplatz<br \/>\n\u2022\u00a0Weihnachts- und Urlaubsgeld sowie eine Nahausl\u00f6sung<\/p>\n<p><strong>Ihre schriftliche Bewerbung richten Sie bitte an:<\/strong><br \/>\nG\u00dcNTER EIM GmbH<br \/>\nK\u00e4lte-W\u00e4rme-Elektroanlagen<br \/>\nz.Hd. Herrn Thomas Eim<br \/>\nHelgol\u00e4nder Str. 28-32<br \/>\n24768 Rendsburg<\/p>\n<p><strong>Gerne nehmen wir Ihre Bewerbung auch per Mail entgegen:<\/strong> <a href=\"mailto:info@eimelektro.de\">info@eimelektro.de<\/a><\/p>\n<p><strong>Rufen Sie uns an, wir beraten Sie gern: <\/strong>Tel. +49 4331 4506\u20136[\/fancy_box][fancy_box box_style=&#8220;default&#8220; icon_family=&#8220;none&#8220; color=&#8220;extra-color-gradient-1&#8243; min_height=&#8220;120&#8243; css=&#8220;.vc_custom_1676471384879{padding-top: 25px !important;padding-right: 25px !important;padding-bottom: 0px !important;padding-left: 25px !important;}&#8220;]\n<h3><strong>K\u00e4lteanlagenbauermeister\/in<br \/>\n<\/strong><strong>(m\/w\/d)<\/strong><\/h3>\n<p>Wir wachsen weiter! Zur Verst\u00e4rkung unseres jungen Teams, suchen wir zur sofortigen, unbefristeten Einstellung in Vollzeit eine\/n K\u00e4lteanlagenbauermeister\/in.<\/p>\n<p><strong>Sie sind zust\u00e4ndig f\u00fcr:<\/strong><br \/>\n\u2022\u00a0die komplette Baustellenabwicklung<br \/>\n\u2022\u00a0die Mitarbeitereinteilung<br \/>\n\u2022\u00a0Qualit\u00e4tskontrolle<br \/>\n\u2022\u00a0Angebotserstellung und Planung<br \/>\n\u2022\u00a0Kundenkontakte<\/p>\n<p><strong>Voraussetzungen:<\/strong><br \/>\n\u2022\u00a0Meisterbrief im K\u00e4lte-\/Klimahandwerk<br \/>\n\u2022\u00a0gern mit Berufserfahrung (keine Voraussetzung)<\/p>\n<p><strong>Wir bieten:<\/strong><br \/>\n\u2022\u00a0Bereitstellung eines eigenen Firmenfahrzeuges<br \/>\n\u2022\u00a0Entwicklungs- und Weiterbildungsm\u00f6glichkeiten<br \/>\n\u2022 ein familienorientiertes Handeln<\/p>\n<p><strong>Ihre schriftliche Bewerbung richten Sie bitte an:<\/strong><br \/>\nG\u00dcNTER EIM GmbH<br \/>\nK\u00e4lte-W\u00e4rme-Elektroanlagen<br \/>\nz.Hd. Herrn Thomas Eim<br \/>\nHelgol\u00e4nder Str. 28-32<br \/>\n24768 Rendsburg<\/p>\n<p><strong>Gerne nehmen wir Ihre Bewerbung auch per Mail entgegen: <\/strong>info@eimelektro.de<\/p>\n<p><strong>Rufen Sie uns an, wir beraten Sie gern: <\/strong>Tel. +49 4331 4506\u20136[\/fancy_box][vc_column_text css_animation=&#8220;none&#8220; css=&#8220;.vc_custom_1531211986083{margin-bottom: 15px !important;}&#8220;]\n<h2 style=\"color: #fff;\">Wir geben, was keiner mehr nehmen kann. Ausbildung.<\/h2>\n[\/vc_column_text][fancy_box box_style=&#8220;default&#8220; icon_family=&#8220;none&#8220; color=&#8220;extra-color-gradient-1&#8243; min_height=&#8220;120&#8243; css=&#8220;.vc_custom_1676471121446{padding-top: 25px !important;padding-right: 25px !important;padding-bottom: 0px !important;padding-left: 25px !important;}&#8220;]\n<h3><strong>Ausbildungsbeginn: 1. August<\/strong><\/h3>\n<p><strong><br \/>\nWir bieten:<br \/>\n<\/strong>\u2022 \u00dcbernahme nach der Ausbildung<br \/>\n\u2022 \u00fcbertarifliches Azubi-Gehalt<br \/>\n\u2022 Top-Betreuung<br \/>\n\u2022 wertsch\u00e4tzendes Miteinander<br \/>\n\u2022 eigenverantwortliches Arbeiten<br \/>\n\u2022 abwechslungsreiche Aufgaben<\/p>\n<p><strong>Ihre schriftliche Bewerbung richten Sie bitte an:<\/strong><br \/>\nG\u00dcNTER EIM GmbH<br \/>\nK\u00e4lte-W\u00e4rme-Elektroanlagen<br \/>\nz.Hd. Herrn Thomas Eim<br \/>\nHelgol\u00e4nder Str. 28-32<br \/>\n24768 Rendsburg<\/p>\n<p><strong>Gerne nehmen wir Ihre Bewerbung auch per Mail entgegen:<\/strong> <a href=\"mailto:info@eimelektro.de\">info@eimelektro.de<\/a><\/p>\n<p><strong>Rufen Sie uns an, wir beraten Sie gern: <\/strong>Tel. +49 4331 4506\u20136[\/fancy_box][vc_row_inner column_margin=&#8220;default&#8220; text_align=&#8220;left&#8220;][vc_column_inner column_padding=&#8220;no-extra-padding&#8220; column_padding_position=&#8220;all&#8220; background_color_opacity=&#8220;1&#8243; background_hover_color_opacity=&#8220;1&#8243; column_shadow=&#8220;none&#8220; column_border_radius=&#8220;none&#8220; width=&#8220;1\/2&#8243; column_border_width=&#8220;none&#8220; column_border_style=&#8220;solid&#8220;][fancy_box box_style=&#8220;default&#8220; icon_family=&#8220;fontawesome&#8220; color=&#8220;extra-color-gradient-1&#8243; min_height=&#8220;50&#8243; icon_fontawesome=&#8220;fa fa-bolt&#8220;]Ein Beruf mit Spannung<\/p>\n<p>Elektroniker\/in f\u00fcr Energie- u. Geb\u00e4udetechnik\u00a0(m\/w\/d)[\/fancy_box][\/vc_column_inner][vc_column_inner column_padding=&#8220;no-extra-padding&#8220; column_padding_position=&#8220;all&#8220; background_color_opacity=&#8220;1&#8243; background_hover_color_opacity=&#8220;1&#8243; column_shadow=&#8220;none&#8220; column_border_radius=&#8220;none&#8220; width=&#8220;1\/2&#8243; column_border_width=&#8220;none&#8220; column_border_style=&#8220;solid&#8220;][fancy_box box_style=&#8220;default&#8220; icon_family=&#8220;fontawesome&#8220; color=&#8220;extra-color-gradient-1&#8243; min_height=&#8220;50&#8243; icon_fontawesome=&#8220;fa fa-thermometer-half&#8220;]Eiskalt vorw\u00e4rtskommen als<\/p>\n<p>Mechatroniker\/in f\u00fcr K\u00e4ltetechnik\u00a0(m\/w\/d)[\/fancy_box][\/vc_column_inner][\/vc_row_inner][\/vc_column][\/vc_row][vc_row type=&#8220;full_width_background&#8220; full_screen_row_position=&#8220;middle&#8220; equal_height=&#8220;yes&#8220; content_placement=&#8220;top&#8220; scene_position=&#8220;center&#8220; text_color=&#8220;dark&#8220; text_align=&#8220;left&#8220; top_padding=&#8220;50&#8243; bottom_padding=&#8220;30&#8243; disable_element=&#8220;yes&#8220; overlay_strength=&#8220;0.5&#8243; shape_divider_position=&#8220;bottom&#8220; shape_type=&#8220;&#8220;][vc_column enable_animation=&#8220;true&#8220; animation=&#8220;fade-in-from-bottom&#8220; column_padding=&#8220;padding-2-percent&#8220; column_padding_position=&#8220;right&#8220; background_color_opacity=&#8220;1&#8243; background_hover_color_opacity=&#8220;1&#8243; font_color=&#8220;#dddddd&#8220; column_shadow=&#8220;none&#8220; column_border_radius=&#8220;none&#8220; width=&#8220;2\/3&#8243; tablet_text_alignment=&#8220;default&#8220; phone_text_alignment=&#8220;default&#8220; column_border_width=&#8220;none&#8220; column_border_style=&#8220;solid&#8220;][vc_column_text css_animation=&#8220;none&#8220; css=&#8220;.vc_custom_1531211986083{margin-bottom: 15px !important;}&#8220;]\n<h2 style=\"color: #fff;\">Wir geben, was keiner mehr nehmen kann. Ausbildung.<\/h2>\n[\/vc_column_text][divider line_type=&#8220;No Line&#8220; custom_height=&#8220;20&#8243;][vc_row_inner column_margin=&#8220;default&#8220; text_align=&#8220;left&#8220;][vc_column_inner column_padding=&#8220;no-extra-padding&#8220; column_padding_position=&#8220;all&#8220; background_color_opacity=&#8220;1&#8243; background_hover_color_opacity=&#8220;1&#8243; column_shadow=&#8220;none&#8220; column_border_radius=&#8220;none&#8220; width=&#8220;1\/2&#8243; column_border_width=&#8220;none&#8220; column_border_style=&#8220;solid&#8220;][fancy_box box_style=&#8220;default&#8220; icon_family=&#8220;fontawesome&#8220; color=&#8220;extra-color-gradient-1&#8243; min_height=&#8220;50&#8243; icon_fontawesome=&#8220;fa fa-search&#8220;]Ein Beruf mit Spannung<\/p>\n<p>Elektroniker\/in f\u00fcr Energie- u. Geb\u00e4udetechnik<\/p>\n[\/fancy_box][\/vc_column_inner][vc_column_inner column_padding=&#8220;no-extra-padding&#8220; column_padding_position=&#8220;all&#8220; background_color_opacity=&#8220;1&#8243; background_hover_color_opacity=&#8220;1&#8243; column_shadow=&#8220;none&#8220; column_border_radius=&#8220;none&#8220; width=&#8220;1\/2&#8243; column_border_width=&#8220;none&#8220; column_border_style=&#8220;solid&#8220;][fancy_box box_style=&#8220;default&#8220; icon_family=&#8220;fontawesome&#8220; color=&#8220;extra-color-gradient-1&#8243; min_height=&#8220;50&#8243; icon_fontawesome=&#8220;fa fa-wrench&#8220;]Eiskalt vorw\u00e4rtskommen als<\/p>\n<p>Mechatroniker\/in<br \/>\nf\u00fcr K\u00e4ltetechnik[\/fancy_box][\/vc_column_inner][\/vc_row_inner][divider line_type=&#8220;Small Line&#8220; line_thickness=&#8220;5&#8243; divider_color=&#8220;extra-color-gradient-1&#8243; animate=&#8220;yes&#8220; custom_line_width=&#8220;70&#8243; custom_height=&#8220;60&#8243;][vc_column_text]Ausbildungsbeginn: 01.08.2022<\/p>\n<p style=\"font-weight: 400;\">Wir bieten:<\/p>\n<ul style=\"font-weight: 400;\">\n<li>\u00dcbernahme nach der Ausbildung<\/li>\n<li>\u00dcbertarifliches Azubi-Gehalt<\/li>\n<li>Top-Betreuung<\/li>\n<li>Wertsch\u00e4tzendes Miteinander<\/li>\n<li>Eigenverantwortliches Arbeiten<\/li>\n<li>Abwechslungsreiche Aufgaben<\/li>\n<\/ul>\n<p>Ihre schriftliche Bewerbung richten Sie bitte an:<\/p>\n<p>G\u00dcNTER EIM GmbH<br \/>\nK\u00e4lte-W\u00e4rme-Elektroanlagen<br \/>\nz.Hd. Herrn Thomas Eim<br \/>\nHelgol\u00e4nder Str. 28-32<br \/>\n24768 Rendsburg<\/p>\n<p>oder sendet eure Bewerbungen per mail: info@eimelektro.de<\/p>\n<p>Rufen Sie uns an, wir beraten Sie gern.<\/p>\n<p>Tel.: (0 43 31) 4506-6[\/vc_column_text][divider line_type=&#8220;No Line&#8220; custom_height=&#8220;50&#8243;][\/vc_column][vc_column enable_animation=&#8220;true&#8220; animation=&#8220;fade-in-from-bottom&#8220; column_padding=&#8220;no-extra-padding&#8220; column_padding_position=&#8220;all&#8220; background_color_opacity=&#8220;1&#8243; background_hover_color_opacity=&#8220;1&#8243; column_shadow=&#8220;none&#8220; column_border_radius=&#8220;none&#8220; width=&#8220;1\/3&#8243; tablet_text_alignment=&#8220;default&#8220; phone_text_alignment=&#8220;default&#8220; column_border_width=&#8220;none&#8220; column_border_style=&#8220;solid&#8220;][fancy_box box_style=&#8220;default&#8220; icon_family=&#8220;none&#8220; color=&#8220;extra-color-gradient-1&#8243; min_height=&#8220;120&#8243;]\n<p><strong>Ausbildungsbeginn: 01.08.2018<\/strong><br \/>\nIhre schriftliche Bewerbung richten Sie bitte an:<\/p>\n<p>G\u00dcNTER EIM GmbH<br \/>\nK\u00e4lte-W\u00e4rme-Elektroanlagen<br \/>\nz.Hd. Herrn Thomas Eim<br \/>\nHelgol\u00e4nder Str. 28-32<br \/>\n24768 Rendsburg<\/p>\n<p>Rufen Sie uns an, wir beraten Sie gern.<br \/>\nTel. +49 4331 4506\u20136<\/p>\n[\/fancy_box][fancy_box box_style=&#8220;default&#8220; icon_family=&#8220;none&#8220; color=&#8220;extra-color-gradient-1&#8243; min_height=&#8220;120&#8243;]\n<p><strong>G\u00dcNTER EIM GmbH<\/strong><br \/>\nK\u00e4lte \u2013 W\u00e4rme \u2013 Elektroanlagen<br \/>\nHelgol\u00e4nder Str. 28-32<br \/>\n24768 Rendsburg<\/p>\n<p>Tel. +49 4331 4506\u20136<br \/>\nFax +49 4331 4506\u201370<\/p>\n<p><strong>B\u00fcrozeiten<\/strong><br \/>\nMontag bis Donnerstag:<br \/>\n7.15 bis 18.00 Uhr<\/p>\n<p>Freitag:<br \/>\n7.15 bis 16.00 Uhr<\/p>\n[\/fancy_box][\/vc_column][\/vc_row][vc_row type=&#8220;full_width_background&#8220; full_screen_row_position=&#8220;middle&#8220; equal_height=&#8220;yes&#8220; content_placement=&#8220;top&#8220; mouse_based_parallax_bg=&#8220;true&#8220; scene_position=&#8220;center&#8220; mouse_sensitivity=&#8220;10&#8243; layer_one_image=&#8220;139&#8243; layer_two_image=&#8220;125&#8243; layer_two_strength=&#8220;0.4&#8243; layer_three_strength=&#8220;0.1&#8243; text_color=&#8220;dark&#8220; text_align=&#8220;left&#8220; top_padding=&#8220;10%&#8220; bottom_padding=&#8220;10%&#8220; disable_element=&#8220;yes&#8220; overlay_strength=&#8220;0.95&#8243; shape_divider_position=&#8220;bottom&#8220; shape_type=&#8220;&#8220;][vc_column enable_animation=&#8220;true&#8220; animation=&#8220;fade-in-from-bottom&#8220; column_padding=&#8220;no-extra-padding&#8220; column_padding_position=&#8220;all&#8220; background_color_opacity=&#8220;1&#8243; background_hover_color_opacity=&#8220;1&#8243; column_shadow=&#8220;none&#8220; column_border_radius=&#8220;none&#8220; width=&#8220;1\/2&#8243; tablet_text_alignment=&#8220;default&#8220; phone_text_alignment=&#8220;default&#8220; column_border_width=&#8220;none&#8220; column_border_style=&#8220;solid&#8220;][vc_custom_heading text=&#8220;ELEKTRO EIM<br \/>\nK\u00c4LTE \u2013 W\u00c4RME<br \/>\nELEKTROANLAGEN&#8220; font_container=&#8220;tag:h1|font_size:60px|text_align:left|color:%23ffffff|line_height:72px&#8220; google_fonts=&#8220;font_family:Open%20Sans%3A300%2C300italic%2Cregular%2Citalic%2C600%2C600italic%2C700%2C700italic%2C800%2C800italic|font_style:700%20bold%20regular%3A700%3Anormal&#8220; css_animation=&#8220;none&#8220; css=&#8220;.vc_custom_1530698662494{background-position: center !important;background-repeat: no-repeat !important;background-size: contain !important;}&#8220;][divider line_type=&#8220;Small Line&#8220; line_thickness=&#8220;10&#8243; divider_color=&#8220;extra-color-3&#8243; animate=&#8220;yes&#8220; custom_line_width=&#8220;160&#8243; custom_height=&#8220;60&#8243;][\/vc_column][vc_column column_padding=&#8220;no-extra-padding&#8220; column_padding_position=&#8220;all&#8220; background_color_opacity=&#8220;1&#8243; background_hover_color_opacity=&#8220;1&#8243; column_shadow=&#8220;none&#8220; column_border_radius=&#8220;none&#8220; width=&#8220;1\/2&#8243; tablet_text_alignment=&#8220;default&#8220; phone_text_alignment=&#8220;default&#8220; column_border_width=&#8220;none&#8220; column_border_style=&#8220;solid&#8220;][\/vc_column][\/vc_row][vc_row type=&#8220;full_width_background&#8220; full_screen_row_position=&#8220;middle&#8220; equal_height=&#8220;yes&#8220; content_placement=&#8220;middle&#8220; mouse_based_parallax_bg=&#8220;true&#8220; scene_position=&#8220;center&#8220; mouse_sensitivity=&#8220;10&#8243; layer_one_image=&#8220;139&#8243; layer_two_image=&#8220;125&#8243; layer_two_strength=&#8220;0.4&#8243; layer_three_strength=&#8220;0.1&#8243; text_color=&#8220;dark&#8220; text_align=&#8220;left&#8220; top_padding=&#8220;10%&#8220; bottom_padding=&#8220;10%&#8220; disable_element=&#8220;yes&#8220; overlay_strength=&#8220;0.95&#8243; shape_divider_position=&#8220;bottom&#8220; shape_type=&#8220;&#8220;][vc_column enable_animation=&#8220;true&#8220; animation=&#8220;fade-in-from-bottom&#8220; column_padding=&#8220;padding-7-percent&#8220; column_padding_position=&#8220;right&#8220; background_color_opacity=&#8220;1&#8243; background_hover_color_opacity=&#8220;1&#8243; column_shadow=&#8220;none&#8220; column_border_radius=&#8220;none&#8220; width=&#8220;1\/2&#8243; tablet_text_alignment=&#8220;default&#8220; phone_text_alignment=&#8220;default&#8220; column_border_width=&#8220;none&#8220; column_border_style=&#8220;solid&#8220;][vc_column_text]\n<h1 style=\"color: #fff;\">EIM Elektro<br \/>\nK\u00e4lte \u2013 W\u00e4rme<br \/>\nElektroanlagen<\/h1>\n[\/vc_column_text][divider line_type=&#8220;No Line&#8220; custom_height=&#8220;30&#8243;][divider line_type=&#8220;Small Line&#8220; line_thickness=&#8220;10&#8243; divider_color=&#8220;extra-color-gradient-1&#8243; animate=&#8220;yes&#8220; custom_line_width=&#8220;160&#8243;][\/vc_column][vc_column column_padding=&#8220;no-extra-padding&#8220; column_padding_position=&#8220;all&#8220; background_color_opacity=&#8220;1&#8243; background_hover_color_opacity=&#8220;1&#8243; column_shadow=&#8220;none&#8220; column_border_radius=&#8220;none&#8220; width=&#8220;1\/2&#8243; tablet_text_alignment=&#8220;default&#8220; phone_text_alignment=&#8220;default&#8220; column_border_width=&#8220;none&#8220; column_border_style=&#8220;solid&#8220; offset=&#8220;vc_hidden-xs&#8220;][\/vc_column][\/vc_row]\n","protected":false},"excerpt":{"rendered":"<p>[vc_row type=&#8220;full_width_background&#8220; full_screen_row_position=&#8220;middle&#8220; equal_height=&#8220;yes&#8220; content_placement=&#8220;top&#8220; scene_position=&#8220;center&#8220; text_color=&#8220;dark&#8220; text_align=&#8220;left&#8220; top_padding=&#8220;50&#8243; bottom_padding=&#8220;30&#8243; overlay_strength=&#8220;0.5&#8243; shape_divider_position=&#8220;bottom&#8220; shape_type=&#8220;&#8220;][vc_column enable_animation=&#8220;true&#8220; animation=&#8220;fade-in-from-bottom&#8220; column_padding=&#8220;padding-1-percent&#8220; column_padding_position=&#8220;right&#8220; background_color_opacity=&#8220;1&#8243; background_hover_color_opacity=&#8220;1&#8243; font_color=&#8220;#dddddd&#8220; column_shadow=&#8220;none&#8220; column_border_radius=&#8220;none&#8220; width=&#8220;1\/1&#8243; tablet_text_alignment=&#8220;default&#8220; phone_text_alignment=&#8220;left&#8220; column_border_width=&#8220;none&#8220; column_border_style=&#8220;solid&#8220;][vc_column_text css_animation=&#8220;none&#8220; css=&#8220;.vc_custom_1676458994829{margin-bottom: 15px&#8230;<\/p>\n","protected":false},"author":2,"featured_media":0,"parent":0,"menu_order":0,"comment_status":"closed","ping_status":"closed","template":"","meta":{"footnotes":""},"class_list":["post-260","page","type-page","status-publish"],"_links":{"self":[{"href":"https:\/\/eimelektro.de\/index.php\/wp-json\/wp\/v2\/pages\/260","targetHints":{"allow":["GET"]}}],"collection":[{"href":"https:\/\/eimelektro.de\/index.php\/wp-json\/wp\/v2\/pages"}],"about":[{"href":"https:\/\/eimelektro.de\/index.php\/wp-json\/wp\/v2\/types\/page"}],"author":[{"embeddable":true,"href":"https:\/\/eimelektro.de\/index.php\/wp-json\/wp\/v2\/users\/2"}],"replies":[{"embeddable":true,"href":"https:\/\/eimelektro.de\/index.php\/wp-json\/wp\/v2\/comments?post=260"}],"version-history":[{"count":97,"href":"https:\/\/eimelektro.de\/index.php\/wp-json\/wp\/v2\/pages\/260\/revisions"}],"predecessor-version":[{"id":485,"href":"https:\/\/eimelektro.de\/index.php\/wp-json\/wp\/v2\/pages\/260\/revisions\/485"}],"wp:attachment":[{"href":"https:\/\/eimelektro.de\/index.php\/wp-json\/wp\/v2\/media?parent=260"}],"curies":[{"name":"wp","href":"https:\/\/api.w.org\/{rel}","templated":true}]}}